{"id":158,"date":"2023-01-15T15:53:26","date_gmt":"2023-01-15T14:53:26","guid":{"rendered":"https:\/\/bestaestheticsbenelux.com\/?page_id=158"},"modified":"2023-01-19T21:59:52","modified_gmt":"2023-01-19T20:59:52","slug":"dermal-filler","status":"publish","type":"page","link":"https:\/\/bestaestheticsbenelux.com\/nl\/dermal-filler\/","title":{"rendered":"Huidvullers"},"content":{"rendered":"\n<p>Huidvullers zijn een van de meest voorkomende behandelingen die worden uitgevoerd in klinieken voor medische esthetiek, maar met zoveel producten op de markt kan het moeilijk zijn om te kiezen welke u wilt gebruiken.&nbsp;Het spreekt voor zich dat veiligheid de hoogste prioriteit moet hebben, maar er zijn veel andere factoren waarmee rekening moet worden gehouden, waaronder werkzaamheid, weefselintegratie, natuurlijk ogende resultaten, levensduur, gebruiksgemak, bestelgemak, merkondersteuning en kosten.<\/p>\n\n\n\n<p>KYSENSE\u00ae is de nieuwste innovatie op het gebied van huidvullertechnologie en veel van &#8217;s werelds beste klinieken maken het nu tot hun &#8216;go-to&#8217;-product voor gezichtsverjonging en contouren.&nbsp;Wat is KYSENSE\u00ae en waarom zou u het in uw kliniek moeten gebruiken?<\/p>\n\n\n<div class=\"wp-block-image\">\n<figure class=\"aligncenter size-full\"><img loading=\"lazy\" decoding=\"async\" width=\"660\" height=\"329\" src=\"https:\/\/bestaestheticsbenelux.com\/wp-content\/uploads\/Screenshot-2023-01-06-at-15.49.22.png\" alt=\"\" class=\"wp-image-424\" srcset=\"https:\/\/bestaestheticsbenelux.com\/wp-content\/uploads\/Screenshot-2023-01-06-at-15.49.22.png 660w, https:\/\/bestaestheticsbenelux.com\/wp-content\/uploads\/Screenshot-2023-01-06-at-15.49.22-300x150.png 300w, https:\/\/bestaestheticsbenelux.com\/wp-content\/uploads\/Screenshot-2023-01-06-at-15.49.22-600x299.png 600w\" sizes=\"auto, (max-width: 660px) 100vw, 660px\" \/><\/figure>\n<\/div>\n\n\n<div style=\"height:30px\" aria-hidden=\"true\" class=\"wp-block-spacer\"><\/div>\n\n\n\n<p><strong>Waarom KYSENSE\u00ae ?<\/strong><\/p>\n\n\n\n<p>KYSENSE\u00ae is ontwikkeld door wetenschappers in samenwerking met artsen met tientallen jaren ervaring in de markt voor HA dermale vullers en die bijdragen aan door vakgenoten beoordeelde publicaties op het gebied van HA dermale vullertechnologie en gezichtsesthetiek.<\/p>\n\n\n\n<div style=\"height:30px\" aria-hidden=\"true\" class=\"wp-block-spacer\"><\/div>\n\n\n\n<p><em>1. Innovatieve geavanceerde technologie<\/em><\/p>\n\n\n\n<p>KYSENSE\u00ae is een innovatieve huidvuller met hyaluronzuur (HA), gemaakt door Kylane, een Zwitsers bedrijf met uitgebreide ervaring en een grondige kennis van HA, met een ultramoderne productiefaciliteit in Casablanca, Marokko.&nbsp;Het is ontwikkeld door het wetenschappelijke team achter de wereldwijd toonaangevende fillers.<\/p>\n\n\n\n<p>\u2022 Unique Selling Point \u2013 Innovatie van &#8217;s werelds toonaangevende experts op het gebied van ontwerp en fabricage van HA-vulstoffen<\/p>\n\n\n\n<div style=\"height:30px\" aria-hidden=\"true\" class=\"wp-block-spacer\"><\/div>\n\n\n\n<p><em>2. Hoogwaardige grondstoffen en een gepatenteerd productieproces<\/em><\/p>\n\n\n\n<p>KYSENSE\u00ae is vervaardigd met ruw hyaluronzuur van farmaceutische kwaliteit.&nbsp;HA van farmaceutische kwaliteit biedt strengere parameters voor kwaliteit en molecuulgewicht, zodat we ervoor kunnen zorgen dat alleen de hoogste kwaliteit grondstoffen worden gebruikt.&nbsp;HA Protect, onze gepatenteerde, innovatieve technologie omvat de extractie van destructieve zuurstofsoorten tijdens het productieproces, inclusief tijdens de verknopingsstap.&nbsp;Hierdoor blijven de intrinsieke eigenschappen van de hyaluronzuurketens met lange keten en hoog molecuulgewicht aanzienlijk behouden, waardoor de soepelheid, injectieprecisie en projectiecapaciteit worden verbeterd en de afbraak van HA in het weefsel wordt vertraagd.<\/p>\n\n\n\n<p>\u2022 Uniek verkoopargument \u2013 \u200b\u200bGrondstof van betere kwaliteit dan de meeste HA-vulstoffen op de markt in combinatie met een gepatenteerd fabricageproces dat alle destructieve zuurstofsoorten uit het eindproduct verwijdert, wat leidt tot voordelige reologische eigenschappen.<\/p>\n\n\n\n<div style=\"height:30px\" aria-hidden=\"true\" class=\"wp-block-spacer\"><\/div>\n\n\n\n<p><em>3. Klinische veiligheid<\/em><\/p>\n\n\n\n<p>KYSENSE\u00ae is CE-gemarkeerd onder de Medical Devices Regulation door kennisgevende instantie 2797 BSI Group (Nederland).&nbsp;In de rigoureuze preklinische onderzoeken en de CE-studie waarbij 50 pati\u00ebnten betrokken waren, brachten 5 injectoren en 1 onafhankelijke beoordelaar geen overgevoeligheid, huidirritatie, cytotoxiciteit, genotoxiciteit, weefselreactie, vertraagde sensibilisatie of andere ernstige bijwerkingen aan het licht 12 maanden na de eerste injectie (maart 2018).&nbsp;De studie wordt sindsdien gecontroleerd door de Franse CRO en er zijn geen problemen met vertraagde aanvang gemeld.<\/p>\n\n\n\n<p>\u2022 Uniek verkoopargument \u2013 \u200b\u200bCE-gemarkeerd door BSI, veiligheid verzekerd, geen problemen met vertraagd optreden gemeld sinds de eerste injecties 4 en een half jaar geleden<\/p>\n\n\n\n<div style=\"height:30px\" aria-hidden=\"true\" class=\"wp-block-spacer\"><\/div>\n\n\n\n<p><em>4. Lage mate van modificatie<\/em><\/p>\n\n\n\n<p>Het wetenschappelijke onderzoeksteam achter KYSENSE\u00ae heeft eerder veel marktleidende producten ontwikkeld en heeft als zodanig een schat aan ervaring in de ontwikkeling en verbetering van HA dermale vullers.&nbsp;KYSENSE\u00ae profiteert enorm van deze ervaring en de geavanceerde technologie (HA Protect) behoudt de lange HA-ketens tijdens het vernettingsproces door de destructieve zuurstof te verwijderen.&nbsp;Dit proces betekent dat er minder BDDE wordt gebruikt, een bijna niet-detecteerbaar niveau, wat leidt tot een zeer lage mate van modificatie (de hoeveelheid verknopende chemische stof in verhouding tot de hoeveelheid HA-ketens).&nbsp;Uiteindelijk leidt dit tot de soepele en goed uitstralende eigenschappen van KYSENSE\u00ae en respecteert het alle vier de reologische parameters waaruit een geweldig vulproduct bestaat.<\/p>\n\n\n\n<p>\u2022 Unieke verkoopargumenten \u2013 verminderde BDDE leidt tot een zachter, gladder en soepeler product met betere weefselintegratie, wat een natuurlijker uiterlijk en gevoel betekent.&nbsp;HA Protect verbetert de reologische eigenschappen en vermindert het risico op migratie in het weefsel.&nbsp;Over het algemeen geweldige eigenschappen van een premium vulmiddel.<\/p>\n\n\n\n<div style=\"height:30px\" aria-hidden=\"true\" class=\"wp-block-spacer\"><\/div>\n\n\n\n<p><em>5. Hoog volumineus vermogen<\/em><\/p>\n\n\n\n<p>KYSENSE\u00ae heeft unieke reologische eigenschappen die een hoog volumineus vermogen bieden met een minimaal risico op migratie.&nbsp;De belangrijkste reologische parameters die esthetische resultaten, veiligheid en pati\u00ebnttevredenheid optimaliseren, zijn:<\/p>\n\n\n\n<ul class=\"wp-block-list\">\n<li>Viscositeit<\/li>\n\n\n\n<li>Normale kracht van compressie (statisch)<\/li>\n\n\n\n<li>Schuifspanning<\/li>\n\n\n\n<li>Compressietest in dynamische modus.<br>Gepubliceerde studies hebben aangetoond dat KYSENSE\u00ae Extreme 34% meer projectiehoogte vertoont dan het wereldwijd toonaangevende volumeproduct en 17% meer dan een ander toonaangevend volumevulmiddel.&nbsp;De studie concludeerde ook dat er 24% MINDER volume KYSENSE\u00ae Extreme nodig was om hetzelfde resultaat te bereiken over een periode van 12 maanden (studie met gespleten gezicht).<br>Het is deze unieke volumegevende kracht die KYSENSE\u00ae de unieke &#8216;less is more&#8217;-kwaliteit geeft.&nbsp;Over de 4 producten in het KYSENSE\u00ae-assortiment is 20-30% minder product nodig.&nbsp;De sleutel is om te behandelen op resultaat (niet op volume).&nbsp;Het gaat echt om de vaardigheid, niet om de ml.&nbsp;(Gavard Molliard et al 2018; Bon Betemps et al 2018; CE-studie)<\/li>\n\n\n\n<li>Unieke verkoopargumenten &#8211; 34% meer projectiehoogte ten opzichte van een van &#8217;s werelds toonaangevende HA-fillers voor volume.&nbsp;Er is gemiddeld 20-30% minder KYSENSE\u00ae nodig om dezelfde resultaten te bereiken als andere toonaangevende HA-fillers.<\/li>\n\n\n\n<li>KYSENSE\u00ae Extreme is een zeer volumineuze filler die goed in het weefsel integreert.<\/li>\n<\/ul>\n\n\n\n<div style=\"height:30px\" aria-hidden=\"true\" class=\"wp-block-spacer\"><\/div>\n\n\n\n<p><em>6. Gebruiksgemak<\/em><br>KYSENSE\u00ae wordt toegediend via een lichtgewicht spuit van polymeer met ge\u00efntegreerde luer-lock, gecombineerd met een comfortabele vingergreep en zuigerstang.&nbsp;De TSK HPC-naalden die in de KYSENSE\u00ae-doos worden geleverd, hebben een 60% grotere binnendiameter, dit zorgt voor de best mogelijke stroomsnelheid voor een soepelere extrusiekracht en een meer gecontroleerde injectie.&nbsp;Naalden zijn dun en ultrascherp. Het is klinisch bewezen dat deze TSK-naalden het laagste traumatische effect voor de pati\u00ebnt aantonen.<br>De geavanceerde HPC-naaf van hard polymeer verbetert de stroomsnelheden en zorgt voor een strakkere luer-lockverbinding dankzij de ingebouwde externe schroefdraad.&nbsp;Geen buiging, geen naald die loskomt.&nbsp;(TSKlab.com) Studies hebben aangetoond dat de extrusiekracht voor KYSENSE\u00ae-producten comfortabel en optimaal is om het comfort van de injector te garanderen, maar ook om de injectiesnelheid te beperken, om extracellulaire dilacatie en blauwe plekken te minimaliseren en om de injectieprecisie te maximaliseren.<br>De injectoren die deelnamen aan de klinische studie en het volledige KYSENSE\u00ae-assortiment gebruikten, waren &#8216;zeer tevreden&#8217; of &#8217;tevreden&#8217; voor 100% van de injecties die ze met KYSENSE\u00ae uitvoerden.<\/p>\n\n\n\n<ul class=\"wp-block-list\">\n<li>Unieke verkoopargumenten \u2013 Ultrascherpe naald, perfect ontworpen extrusiekracht, geen dilacatie van het weefsel wat leidt tot geen ontsteking van het weefsel, zorgt voor een comfortabelere injectie-ervaring voor de cli\u00ebnt, waardoor de behoefte aan lidoca\u00efne wordt verminderd.<\/li>\n\n\n\n<li>Ergonomische spuit en plunjer, comfortabele extrusiekracht betekent comfortabel injecteren en een 100% tevredenheidspercentage van de injectoren die betrokken zijn bij de klinische onderzoeken.<\/li>\n<\/ul>\n\n\n\n<div style=\"height:30px\" aria-hidden=\"true\" class=\"wp-block-spacer\"><\/div>\n\n\n\n<p><em>7. Tevredenheid van pati\u00ebnt en arts<\/em><br>Tijdens de klinische studie met KYSENSE\u00ae werden 50 pati\u00ebnten ge\u00efnjecteerd met KYSENSE\u00ae, waarbij in totaal 110 ge\u00efnjecteerde gebieden werden behandeld.&nbsp;De onafhankelijke beoordelaar van de studie constateerde een maand na de behandeling een esthetische verbetering op 95% van de ge\u00efnjecteerde plaatsen.&nbsp;Zes en twaalf maanden na injectie vertoonde respectievelijk 93% en 81% nog steeds een verbetering.&nbsp;De pati\u00ebnten meldden verbetering in 97% van de injectieplaatsen een maand na de behandeling en respectievelijk 94% en 90% na zes maanden en twaalf maanden.&nbsp;Deze hoge pati\u00ebnttevredenheid leidt tot herhaalboekingen en aanbevelingen.&nbsp;Bovendien presteerde KYSENSE\u00ae zeer goed op het gebied van levensduur, waarbij alle producten in het assortiment tot 12 maanden meegaan.<\/p>\n\n\n\n<ul class=\"wp-block-list\">\n<li>Unieke verkoopargumenten \u2013 De onafhankelijke beoordelaar constateerde een esthetische verbetering in 81% van de ge\u00efnjecteerde plaatsen 12 maanden na de behandeling Hoge pati\u00ebnttevredenheid scoort hoog op levensduur 12 maanden na injectie Hoge pati\u00ebnttevredenheid leidt tot herhaalde boekingen en aanbevelingen<\/li>\n<\/ul>\n\n\n\n<p>Door de lange levensduur van het product kan de arts in de loop van de tijd meer delen van het gezicht behandelen en werken met het budget van zijn pati\u00ebnt.&nbsp;Betere esthetische resultaten op de lange termijn<\/p>\n\n\n\n<div style=\"height:30px\" aria-hidden=\"true\" class=\"wp-block-spacer\"><\/div>\n\n\n\n<p><em>8. Veelzijdig assortiment<\/em><\/p>\n\n\n\n<p>Er zijn 4 formuleringen in het KYSENSE\u00ae-assortiment om een \u200b\u200bbreed scala aan indicaties te behandelen.<\/p>\n\n\n\n<ul class=\"wp-block-list\">\n<li>KYSENSE\u00ae Extreme \u2013 voor gezichtsmodellering, contouren en vormgeving (wangen,<br>kaaklijn en kin)<\/li>\n\n\n\n<li>KYSENSE\u00ae Volume \u2013 voor volumevergroting van het gezicht (slapen, wangen en<br>gebied onder de malaren)<\/li>\n\n\n\n<li>KYSENSE\u00ae Define \u2013 voor dynamische gezichtsuitdrukking (lippen, marionetlijnen en<br>neuslippenplooien)<\/li>\n\n\n\n<li>KYSENSE\u00ae Precise \u2013 voor huidafwerking (periorale lijntjes en oppervlakkige rimpels)<\/li>\n\n\n\n<li>Unique Selling Points \u2013 Veelzijdig assortiment om het hele gezicht te behandelen, geen ander merk filler nodig<\/li>\n\n\n\n<li>Minder producten nodig, dus minder voorraad nodig in de kliniek, minder cashflow in vergelijking met merken die een grotere selectie van SKU&#8217;s hebben.<\/li>\n<\/ul>\n\n\n\n<div style=\"height:30px\" aria-hidden=\"true\" class=\"wp-block-spacer\"><\/div>\n\n\n\n<figure class=\"wp-block-image size-full\"><img loading=\"lazy\" decoding=\"async\" width=\"915\" height=\"100\" src=\"https:\/\/bestaestheticsbenelux.com\/wp-content\/uploads\/Screenshot-2023-01-06-at-15.49.32.png\" alt=\"\" class=\"wp-image-426\" srcset=\"https:\/\/bestaestheticsbenelux.com\/wp-content\/uploads\/Screenshot-2023-01-06-at-15.49.32.png 915w, https:\/\/bestaestheticsbenelux.com\/wp-content\/uploads\/Screenshot-2023-01-06-at-15.49.32-300x33.png 300w, https:\/\/bestaestheticsbenelux.com\/wp-content\/uploads\/Screenshot-2023-01-06-at-15.49.32-768x84.png 768w, https:\/\/bestaestheticsbenelux.com\/wp-content\/uploads\/Screenshot-2023-01-06-at-15.49.32-600x66.png 600w\" sizes=\"auto, (max-width: 915px) 100vw, 915px\" \/><\/figure>\n\n\n\n<p><strong>KYSENSE\u00ae kan alleen worden gekocht door gekwalificeerde en opgeleide medische professionals.<\/strong><\/p>\n","protected":false},"excerpt":{"rendered":"<p>Huidvullers [&hellip;]<\/p>\n","protected":false},"author":1,"featured_media":0,"parent":0,"menu_order":0,"comment_status":"closed","ping_status":"closed","template":"","meta":{"footnotes":""},"class_list":["post-158","page","type-page","status-publish","hentry"],"jetpack_sharing_enabled":true,"_links":{"self":[{"href":"https:\/\/bestaestheticsbenelux.com\/nl\/wp-json\/wp\/v2\/pages\/158","targetHints":{"allow":["GET"]}}],"collection":[{"href":"https:\/\/bestaestheticsbenelux.com\/nl\/wp-json\/wp\/v2\/pages"}],"about":[{"href":"https:\/\/bestaestheticsbenelux.com\/nl\/wp-json\/wp\/v2\/types\/page"}],"author":[{"embeddable":true,"href":"https:\/\/bestaestheticsbenelux.com\/nl\/wp-json\/wp\/v2\/users\/1"}],"replies":[{"embeddable":true,"href":"https:\/\/bestaestheticsbenelux.com\/nl\/wp-json\/wp\/v2\/comments?post=158"}],"version-history":[{"count":14,"href":"https:\/\/bestaestheticsbenelux.com\/nl\/wp-json\/wp\/v2\/pages\/158\/revisions"}],"predecessor-version":[{"id":431,"href":"https:\/\/bestaestheticsbenelux.com\/nl\/wp-json\/wp\/v2\/pages\/158\/revisions\/431"}],"wp:attachment":[{"href":"https:\/\/bestaestheticsbenelux.com\/nl\/wp-json\/wp\/v2\/media?parent=158"}],"curies":[{"name":"wp","href":"https:\/\/api.w.org\/{rel}","templated":true}]}}